{"id":6060,"date":"2024-07-30T13:49:00","date_gmt":"2024-07-30T11:49:00","guid":{"rendered":"https:\/\/lauftreffnussdorf.at\/cms\/home\/"},"modified":"2025-01-08T14:40:17","modified_gmt":"2025-01-08T13:40:17","slug":"home","status":"publish","type":"page","link":"https:\/\/lauftreffnussdorf.at\/cms\/","title":{"rendered":"Home"},"content":{"rendered":"\t\t<div data-elementor-type=\"wp-page\" data-elementor-id=\"6060\" class=\"elementor elementor-6060\" data-elementor-post-type=\"page\">\n\t\t\t\t<div class=\"elementor-element elementor-element-5f93ebe e-con-full e-flex e-con e-parent\" data-id=\"5f93ebe\" data-element_type=\"container\" data-settings=\"{&quot;background_background&quot;:&quot;classic&quot;,&quot;shape_divider_top&quot;:&quot;opacity-tilt&quot;}\">\n\t\t\t\t<div class=\"elementor-shape elementor-shape-top\" aria-hidden=\"true\" data-negative=\"false\">\n\t\t\t<svg xmlns=\"http:\/\/www.w3.org\/2000\/svg\" viewBox=\"0 0 2600 131.1\" preserveAspectRatio=\"none\">\n\t<path class=\"elementor-shape-fill\" d=\"M0 0L2600 0 2600 69.1 0 0z\"\/>\n\t<path class=\"elementor-shape-fill\" style=\"opacity:0.5\" d=\"M0 0L2600 0 2600 69.1 0 69.1z\"\/>\n\t<path class=\"elementor-shape-fill\" style=\"opacity:0.25\" d=\"M2600 0L0 0 0 130.1 2600 69.1z\"\/>\n<\/svg>\t\t<\/div>\n\t\t\t\t<div class=\"elementor-element elementor-element-5c4ac905 elementor-widget__width-initial elementor-widget-mobile__width-inherit elementor-invisible elementor-widget elementor-widget-heading\" data-id=\"5c4ac905\" data-element_type=\"widget\" data-settings=\"{&quot;_animation&quot;:&quot;fadeInDown&quot;}\" data-widget_type=\"heading.default\">\n\t\t\t\t<div class=\"elementor-widget-container\">\n\t\t\t\t\t<h1 class=\"elementor-heading-title elementor-size-default\">Laufen mit schnellen Freunden<\/h1>\t\t\t\t<\/div>\n\t\t\t\t<\/div>\n\t\t\t\t<div class=\"elementor-element elementor-element-6efff57a elementor-widget__width-initial elementor-widget-mobile__width-inherit elementor-invisible elementor-widget elementor-widget-text-editor\" data-id=\"6efff57a\" data-element_type=\"widget\" data-settings=\"{&quot;_animation&quot;:&quot;fadeInUp&quot;}\" data-widget_type=\"text-editor.default\">\n\t\t\t\t<div class=\"elementor-widget-container\">\n\t\t\t\t\t\t\t\t\t<h3><br \/>Laufen, Erleben, Freunde, Emotionen, Leistung. Das ist sind wir, das ist unser Lauftreff Nu\u00dfdorf<\/h3>\t\t\t\t\t\t\t\t<\/div>\n\t\t\t\t<\/div>\n\t\t\t\t<\/div>\n\t\t<div class=\"elementor-element elementor-element-323efbb6 e-con-full e-flex e-con e-parent\" data-id=\"323efbb6\" data-element_type=\"container\" data-settings=\"{&quot;background_background&quot;:&quot;classic&quot;}\">\n\t\t<div class=\"elementor-element elementor-element-49f28668 e-con-full e-flex e-con e-child\" data-id=\"49f28668\" data-element_type=\"container\" data-settings=\"{&quot;background_background&quot;:&quot;classic&quot;}\">\n\t\t\t\t<div class=\"elementor-element elementor-element-77a7218 elementor-widget elementor-widget-image\" data-id=\"77a7218\" data-element_type=\"widget\" data-widget_type=\"image.default\">\n\t\t\t\t<div class=\"elementor-widget-container\">\n\t\t\t\t\t\t\t\t\t\t\t\t\t\t\t<img fetchpriority=\"high\" decoding=\"async\" width=\"2560\" height=\"1707\" src=\"https:\/\/lauftreffnussdorf.at\/cms\/wp-content\/uploads\/2024\/10\/20240910_LTN-122-scaled.jpg\" class=\"attachment-full size-full wp-image-6900\" alt=\"\" srcset=\"https:\/\/lauftreffnussdorf.at\/cms\/wp-content\/uploads\/2024\/10\/20240910_LTN-122-scaled.jpg 2560w, https:\/\/lauftreffnussdorf.at\/cms\/wp-content\/uploads\/2024\/10\/20240910_LTN-122-300x200.jpg 300w, https:\/\/lauftreffnussdorf.at\/cms\/wp-content\/uploads\/2024\/10\/20240910_LTN-122-1024x683.jpg 1024w, https:\/\/lauftreffnussdorf.at\/cms\/wp-content\/uploads\/2024\/10\/20240910_LTN-122-768x512.jpg 768w, https:\/\/lauftreffnussdorf.at\/cms\/wp-content\/uploads\/2024\/10\/20240910_LTN-122-1536x1024.jpg 1536w, https:\/\/lauftreffnussdorf.at\/cms\/wp-content\/uploads\/2024\/10\/20240910_LTN-122-2048x1365.jpg 2048w\" sizes=\"(max-width: 2560px) 100vw, 2560px\" \/>\t\t\t\t\t\t\t\t\t\t\t\t\t\t\t<\/div>\n\t\t\t\t<\/div>\n\t\t\t\t<\/div>\n\t\t<div class=\"elementor-element elementor-element-40000a70 e-con-full e-flex e-con e-child\" data-id=\"40000a70\" data-element_type=\"container\">\n\t\t\t\t<\/div>\n\t\t\t\t<\/div>\n\t\t<div class=\"elementor-element elementor-element-157fd236 e-con-full e-flex e-con e-parent\" data-id=\"157fd236\" data-element_type=\"container\" data-settings=\"{&quot;background_background&quot;:&quot;classic&quot;}\">\n\t\t\t\t<div class=\"elementor-element elementor-element-3d4d24f7 elementor-widget__width-initial elementor-widget-tablet__width-inherit elementor-mobile-position-left elementor-vertical-align-top elementor-view-default elementor-position-top elementor-widget elementor-widget-icon-box\" data-id=\"3d4d24f7\" data-element_type=\"widget\" data-widget_type=\"icon-box.default\">\n\t\t\t\t<div class=\"elementor-widget-container\">\n\t\t\t\t\t\t\t<div class=\"elementor-icon-box-wrapper\">\n\n\t\t\t\t\t\t<div class=\"elementor-icon-box-icon\">\n\t\t\t\t<span  class=\"elementor-icon\">\n\t\t\t\t<svg aria-hidden=\"true\" class=\"e-font-icon-svg e-fas-medal\" viewBox=\"0 0 512 512\" xmlns=\"http:\/\/www.w3.org\/2000\/svg\"><path d=\"M223.75 130.75L154.62 15.54A31.997 31.997 0 0 0 127.18 0H16.03C3.08 0-4.5 14.57 2.92 25.18l111.27 158.96c29.72-27.77 67.52-46.83 109.56-53.39zM495.97 0H384.82c-11.24 0-21.66 5.9-27.44 15.54l-69.13 115.21c42.04 6.56 79.84 25.62 109.56 53.38L509.08 25.18C516.5 14.57 508.92 0 495.97 0zM256 160c-97.2 0-176 78.8-176 176s78.8 176 176 176 176-78.8 176-176-78.8-176-176-176zm92.52 157.26l-37.93 36.96 8.97 52.22c1.6 9.36-8.26 16.51-16.65 12.09L256 393.88l-46.9 24.65c-8.4 4.45-18.25-2.74-16.65-12.09l8.97-52.22-37.93-36.96c-6.82-6.64-3.05-18.23 6.35-19.59l52.43-7.64 23.43-47.52c2.11-4.28 6.19-6.39 10.28-6.39 4.11 0 8.22 2.14 10.33 6.39l23.43 47.52 52.43 7.64c9.4 1.36 13.17 12.95 6.35 19.59z\"><\/path><\/svg>\t\t\t\t<\/span>\n\t\t\t<\/div>\n\t\t\t\n\t\t\t\t\t\t<div class=\"elementor-icon-box-content\">\n\n\t\t\t\t\t\t\t\t\t<h3 class=\"elementor-icon-box-title\">\n\t\t\t\t\t\t<span  >\n\t\t\t\t\t\t\tLandesmeister\t\t\t\t\t\t<\/span>\n\t\t\t\t\t<\/h3>\n\t\t\t\t\n\t\t\t\t\n\t\t\t<\/div>\n\t\t\t\n\t\t<\/div>\n\t\t\t\t\t\t<\/div>\n\t\t\t\t<\/div>\n\t\t\t\t<div class=\"elementor-element elementor-element-1ee2b948 elementor-widget__width-initial elementor-widget-tablet__width-inherit elementor-mobile-position-left elementor-vertical-align-top elementor-view-default elementor-position-top elementor-widget elementor-widget-icon-box\" data-id=\"1ee2b948\" data-element_type=\"widget\" data-widget_type=\"icon-box.default\">\n\t\t\t\t<div class=\"elementor-widget-container\">\n\t\t\t\t\t\t\t<div class=\"elementor-icon-box-wrapper\">\n\n\t\t\t\t\t\t<div class=\"elementor-icon-box-icon\">\n\t\t\t\t<span  class=\"elementor-icon\">\n\t\t\t\t<svg aria-hidden=\"true\" class=\"e-font-icon-svg e-fas-medal\" viewBox=\"0 0 512 512\" xmlns=\"http:\/\/www.w3.org\/2000\/svg\"><path d=\"M223.75 130.75L154.62 15.54A31.997 31.997 0 0 0 127.18 0H16.03C3.08 0-4.5 14.57 2.92 25.18l111.27 158.96c29.72-27.77 67.52-46.83 109.56-53.39zM495.97 0H384.82c-11.24 0-21.66 5.9-27.44 15.54l-69.13 115.21c42.04 6.56 79.84 25.62 109.56 53.38L509.08 25.18C516.5 14.57 508.92 0 495.97 0zM256 160c-97.2 0-176 78.8-176 176s78.8 176 176 176 176-78.8 176-176-78.8-176-176-176zm92.52 157.26l-37.93 36.96 8.97 52.22c1.6 9.36-8.26 16.51-16.65 12.09L256 393.88l-46.9 24.65c-8.4 4.45-18.25-2.74-16.65-12.09l8.97-52.22-37.93-36.96c-6.82-6.64-3.05-18.23 6.35-19.59l52.43-7.64 23.43-47.52c2.11-4.28 6.19-6.39 10.28-6.39 4.11 0 8.22 2.14 10.33 6.39l23.43 47.52 52.43 7.64c9.4 1.36 13.17 12.95 6.35 19.59z\"><\/path><\/svg>\t\t\t\t<\/span>\n\t\t\t<\/div>\n\t\t\t\n\t\t\t\t\t\t<div class=\"elementor-icon-box-content\">\n\n\t\t\t\t\t\t\t\t\t<h3 class=\"elementor-icon-box-title\">\n\t\t\t\t\t\t<span  >\n\t\t\t\t\t\t\tGewinner\t\t\t\t\t\t<\/span>\n\t\t\t\t\t<\/h3>\n\t\t\t\t\n\t\t\t\t\n\t\t\t<\/div>\n\t\t\t\n\t\t<\/div>\n\t\t\t\t\t\t<\/div>\n\t\t\t\t<\/div>\n\t\t\t\t<div class=\"elementor-element elementor-element-6826d10 elementor-widget__width-initial elementor-widget-tablet__width-inherit elementor-mobile-position-left elementor-view-default elementor-position-top elementor-widget elementor-widget-icon-box\" data-id=\"6826d10\" data-element_type=\"widget\" data-widget_type=\"icon-box.default\">\n\t\t\t\t<div class=\"elementor-widget-container\">\n\t\t\t\t\t\t\t<div class=\"elementor-icon-box-wrapper\">\n\n\t\t\t\t\t\t<div class=\"elementor-icon-box-icon\">\n\t\t\t\t<span  class=\"elementor-icon\">\n\t\t\t\t<svg aria-hidden=\"true\" class=\"e-font-icon-svg e-fas-medal\" viewBox=\"0 0 512 512\" xmlns=\"http:\/\/www.w3.org\/2000\/svg\"><path d=\"M223.75 130.75L154.62 15.54A31.997 31.997 0 0 0 127.18 0H16.03C3.08 0-4.5 14.57 2.92 25.18l111.27 158.96c29.72-27.77 67.52-46.83 109.56-53.39zM495.97 0H384.82c-11.24 0-21.66 5.9-27.44 15.54l-69.13 115.21c42.04 6.56 79.84 25.62 109.56 53.38L509.08 25.18C516.5 14.57 508.92 0 495.97 0zM256 160c-97.2 0-176 78.8-176 176s78.8 176 176 176 176-78.8 176-176-78.8-176-176-176zm92.52 157.26l-37.93 36.96 8.97 52.22c1.6 9.36-8.26 16.51-16.65 12.09L256 393.88l-46.9 24.65c-8.4 4.45-18.25-2.74-16.65-12.09l8.97-52.22-37.93-36.96c-6.82-6.64-3.05-18.23 6.35-19.59l52.43-7.64 23.43-47.52c2.11-4.28 6.19-6.39 10.28-6.39 4.11 0 8.22 2.14 10.33 6.39l23.43 47.52 52.43 7.64c9.4 1.36 13.17 12.95 6.35 19.59z\"><\/path><\/svg>\t\t\t\t<\/span>\n\t\t\t<\/div>\n\t\t\t\n\t\t\t\t\t\t<div class=\"elementor-icon-box-content\">\n\n\t\t\t\t\t\t\t\t\t<h3 class=\"elementor-icon-box-title\">\n\t\t\t\t\t\t<span  >\n\t\t\t\t\t\t\tSportler\t\t\t\t\t\t<\/span>\n\t\t\t\t\t<\/h3>\n\t\t\t\t\n\t\t\t\t\n\t\t\t<\/div>\n\t\t\t\n\t\t<\/div>\n\t\t\t\t\t\t<\/div>\n\t\t\t\t<\/div>\n\t\t\t\t<\/div>\n\t\t<div class=\"elementor-element elementor-element-78671be2 e-flex e-con-boxed e-con e-parent\" data-id=\"78671be2\" data-element_type=\"container\">\n\t\t\t\t\t<div class=\"e-con-inner\">\n\t\t\t\t<div class=\"elementor-element elementor-element-7eb6bde0 elementor-invisible elementor-widget elementor-widget-heading\" data-id=\"7eb6bde0\" data-element_type=\"widget\" data-settings=\"{&quot;_animation&quot;:&quot;fadeInDown&quot;}\" data-widget_type=\"heading.default\">\n\t\t\t\t<div class=\"elementor-widget-container\">\n\t\t\t\t\t<h2 class=\"elementor-heading-title elementor-size-default\">a Nu\u00dfdorfer bleibt ned stehn<\/h2>\t\t\t\t<\/div>\n\t\t\t\t<\/div>\n\t\t\t\t<div class=\"elementor-element elementor-element-4dcb345a elementor-view-framed elementor-shape-square elementor-position-left elementor-vertical-align-middle animated-slow elementor-mobile-position-top elementor-invisible elementor-widget elementor-widget-icon-box\" data-id=\"4dcb345a\" data-element_type=\"widget\" data-settings=\"{&quot;_animation&quot;:&quot;fadeInUp&quot;}\" data-widget_type=\"icon-box.default\">\n\t\t\t\t<div class=\"elementor-widget-container\">\n\t\t\t\t\t\t\t<div class=\"elementor-icon-box-wrapper\">\n\n\t\t\t\t\t\t<div class=\"elementor-icon-box-icon\">\n\t\t\t\t<span  class=\"elementor-icon\">\n\t\t\t\t<svg xmlns=\"http:\/\/www.w3.org\/2000\/svg\" id=\"b28659b2-2e48-4119-8d8e-390ce71a0a69\" data-name=\"Layer 1\" width=\"29.92\" height=\"24.8\" viewBox=\"0 0 29.92 24.8\"><title>Quote icon<\/title><path d=\"M9.2,12.24,12.4,0H6L1.76,11.36Q.72,14.08.36,15.44A10.8957,10.8957,0,0,0,0,18.24,6.3011,6.3011,0,0,0,6.56,24.8a6.1928,6.1928,0,0,0,4.56-1.84,6.39,6.39,0,0,0,1.84-4.72,6.7454,6.7454,0,0,0-1-3.72A5.8036,5.8036,0,0,0,9.2,12.24Z\"><\/path><path d=\"M28.92,14.52a5.8036,5.8036,0,0,0-2.76-2.28L29.36,0h-6.4L18.72,11.36q-1.04,2.72-1.4,4.08a10.8957,10.8957,0,0,0-.36,2.8,6.3011,6.3011,0,0,0,6.56,6.56,6.1929,6.1929,0,0,0,4.56-1.84,6.39,6.39,0,0,0,1.84-4.72A6.7445,6.7445,0,0,0,28.92,14.52Z\"><\/path><\/svg>\t\t\t\t<\/span>\n\t\t\t<\/div>\n\t\t\t\n\t\t\t\t\t\t<div class=\"elementor-icon-box-content\">\n\n\t\t\t\t\t\t\t\t\t<h2 class=\"elementor-icon-box-title\">\n\t\t\t\t\t\t<span  >\n\t\t\t\t\t\t\twarum auch \ud83d\ude09\t\t\t\t\t\t<\/span>\n\t\t\t\t\t<\/h2>\n\t\t\t\t\n\t\t\t\t\n\t\t\t<\/div>\n\t\t\t\n\t\t<\/div>\n\t\t\t\t\t\t<\/div>\n\t\t\t\t<\/div>\n\t\t\t\t\t<\/div>\n\t\t\t\t<\/div>\n\t\t<div class=\"elementor-element elementor-element-beeaf0f e-flex e-con-boxed e-con e-parent\" data-id=\"beeaf0f\" data-element_type=\"container\">\n\t\t\t\t\t<div class=\"e-con-inner\">\n\t\t\t\t<div class=\"elementor-element elementor-element-3b71eaf elementor-invisible elementor-widget elementor-widget-heading\" data-id=\"3b71eaf\" data-element_type=\"widget\" data-settings=\"{&quot;_animation&quot;:&quot;fadeInDown&quot;}\" data-widget_type=\"heading.default\">\n\t\t\t\t<div class=\"elementor-widget-container\">\n\t\t\t\t\t<h2 class=\"elementor-heading-title elementor-size-default\">a Nu\u00dfdorfer f\u00f6hnt sich nicht die Haare<\/h2>\t\t\t\t<\/div>\n\t\t\t\t<\/div>\n\t\t\t\t<div class=\"elementor-element elementor-element-33c48b6 elementor-view-framed elementor-shape-square elementor-position-left elementor-vertical-align-middle animated-slow elementor-mobile-position-top elementor-invisible elementor-widget elementor-widget-icon-box\" data-id=\"33c48b6\" data-element_type=\"widget\" data-settings=\"{&quot;_animation&quot;:&quot;fadeInUp&quot;}\" data-widget_type=\"icon-box.default\">\n\t\t\t\t<div class=\"elementor-widget-container\">\n\t\t\t\t\t\t\t<div class=\"elementor-icon-box-wrapper\">\n\n\t\t\t\t\t\t<div class=\"elementor-icon-box-icon\">\n\t\t\t\t<span  class=\"elementor-icon\">\n\t\t\t\t<svg xmlns=\"http:\/\/www.w3.org\/2000\/svg\" id=\"b28659b2-2e48-4119-8d8e-390ce71a0a69\" data-name=\"Layer 1\" width=\"29.92\" height=\"24.8\" viewBox=\"0 0 29.92 24.8\"><title>Quote icon<\/title><path d=\"M9.2,12.24,12.4,0H6L1.76,11.36Q.72,14.08.36,15.44A10.8957,10.8957,0,0,0,0,18.24,6.3011,6.3011,0,0,0,6.56,24.8a6.1928,6.1928,0,0,0,4.56-1.84,6.39,6.39,0,0,0,1.84-4.72,6.7454,6.7454,0,0,0-1-3.72A5.8036,5.8036,0,0,0,9.2,12.24Z\"><\/path><path d=\"M28.92,14.52a5.8036,5.8036,0,0,0-2.76-2.28L29.36,0h-6.4L18.72,11.36q-1.04,2.72-1.4,4.08a10.8957,10.8957,0,0,0-.36,2.8,6.3011,6.3011,0,0,0,6.56,6.56,6.1929,6.1929,0,0,0,4.56-1.84,6.39,6.39,0,0,0,1.84-4.72A6.7445,6.7445,0,0,0,28.92,14.52Z\"><\/path><\/svg>\t\t\t\t<\/span>\n\t\t\t<\/div>\n\t\t\t\n\t\t\t\t\t\t<div class=\"elementor-icon-box-content\">\n\n\t\t\t\t\t\t\t\t\t<h2 class=\"elementor-icon-box-title\">\n\t\t\t\t\t\t<span  >\n\t\t\t\t\t\t\twerden eh beim Laufen trocken\t\t\t\t\t\t<\/span>\n\t\t\t\t\t<\/h2>\n\t\t\t\t\n\t\t\t\t\n\t\t\t<\/div>\n\t\t\t\n\t\t<\/div>\n\t\t\t\t\t\t<\/div>\n\t\t\t\t<\/div>\n\t\t\t\t\t<\/div>\n\t\t\t\t<\/div>\n\t\t<div class=\"elementor-element elementor-element-a7bea2d e-flex e-con-boxed e-con e-parent\" data-id=\"a7bea2d\" data-element_type=\"container\">\n\t\t\t\t\t<div class=\"e-con-inner\">\n\t\t\t\t<div class=\"elementor-element elementor-element-b0d17d1 elementor-invisible elementor-widget elementor-widget-heading\" data-id=\"b0d17d1\" data-element_type=\"widget\" data-settings=\"{&quot;_animation&quot;:&quot;fadeInDown&quot;}\" data-widget_type=\"heading.default\">\n\t\t\t\t<div class=\"elementor-widget-container\">\n\t\t\t\t\t<h2 class=\"elementor-heading-title elementor-size-default\">a Nu\u00dfdorfer fahrt ned mit der Seilbahn auffi<\/h2>\t\t\t\t<\/div>\n\t\t\t\t<\/div>\n\t\t\t\t<div class=\"elementor-element elementor-element-22d8f86 elementor-view-framed elementor-shape-square elementor-position-left elementor-vertical-align-middle animated-slow elementor-mobile-position-top elementor-invisible elementor-widget elementor-widget-icon-box\" data-id=\"22d8f86\" data-element_type=\"widget\" data-settings=\"{&quot;_animation&quot;:&quot;fadeInUp&quot;}\" data-widget_type=\"icon-box.default\">\n\t\t\t\t<div class=\"elementor-widget-container\">\n\t\t\t\t\t\t\t<div class=\"elementor-icon-box-wrapper\">\n\n\t\t\t\t\t\t<div class=\"elementor-icon-box-icon\">\n\t\t\t\t<span  class=\"elementor-icon\">\n\t\t\t\t<svg xmlns=\"http:\/\/www.w3.org\/2000\/svg\" id=\"b28659b2-2e48-4119-8d8e-390ce71a0a69\" data-name=\"Layer 1\" width=\"29.92\" height=\"24.8\" viewBox=\"0 0 29.92 24.8\"><title>Quote icon<\/title><path d=\"M9.2,12.24,12.4,0H6L1.76,11.36Q.72,14.08.36,15.44A10.8957,10.8957,0,0,0,0,18.24,6.3011,6.3011,0,0,0,6.56,24.8a6.1928,6.1928,0,0,0,4.56-1.84,6.39,6.39,0,0,0,1.84-4.72,6.7454,6.7454,0,0,0-1-3.72A5.8036,5.8036,0,0,0,9.2,12.24Z\"><\/path><path d=\"M28.92,14.52a5.8036,5.8036,0,0,0-2.76-2.28L29.36,0h-6.4L18.72,11.36q-1.04,2.72-1.4,4.08a10.8957,10.8957,0,0,0-.36,2.8,6.3011,6.3011,0,0,0,6.56,6.56,6.1929,6.1929,0,0,0,4.56-1.84,6.39,6.39,0,0,0,1.84-4.72A6.7445,6.7445,0,0,0,28.92,14.52Z\"><\/path><\/svg>\t\t\t\t<\/span>\n\t\t\t<\/div>\n\t\t\t\n\t\t\t\t\t\t<div class=\"elementor-icon-box-content\">\n\n\t\t\t\t\t\t\t\t\t<h2 class=\"elementor-icon-box-title\">\n\t\t\t\t\t\t<span  >\n\t\t\t\t\t\t\tda samma z'Fua\u00df schneller\t\t\t\t\t\t<\/span>\n\t\t\t\t\t<\/h2>\n\t\t\t\t\n\t\t\t\t\n\t\t\t<\/div>\n\t\t\t\n\t\t<\/div>\n\t\t\t\t\t\t<\/div>\n\t\t\t\t<\/div>\n\t\t\t\t\t<\/div>\n\t\t\t\t<\/div>\n\t\t\t\t<\/div>\n\t\t","protected":false},"excerpt":{"rendered":"<p>Laufen mit schnellen Freunden Laufen, Erleben, Freunde, Emotionen, Leistung. Das ist sind wir, das ist unser Lauftreff Nu\u00dfdorf Landesmeister Gewinner Sportler a Nu\u00dfdorfer bleibt ned stehn Quote icon warum auch \ud83d\ude09 a Nu\u00dfdorfer f\u00f6hnt sich nicht die Haare Quote icon werden eh beim Laufen trocken a Nu\u00dfdorfer fahrt ned mit der Seilbahn auffi Quote icon [&hellip;]<\/p>\n","protected":false},"author":1,"featured_media":6073,"parent":0,"menu_order":0,"comment_status":"closed","ping_status":"closed","template":"elementor_header_footer","meta":{"om_disable_all_campaigns":false,"_monsterinsights_skip_tracking":false,"_monsterinsights_sitenote_active":false,"_monsterinsights_sitenote_note":"","_monsterinsights_sitenote_category":0,"_uf_show_specific_survey":0,"_uf_disable_surveys":false,"footnotes":""},"class_list":["post-6060","page","type-page","status-publish","has-post-thumbnail","hentry"],"aioseo_notices":[],"_links":{"self":[{"href":"https:\/\/lauftreffnussdorf.at\/cms\/wp-json\/wp\/v2\/pages\/6060","targetHints":{"allow":["GET"]}}],"collection":[{"href":"https:\/\/lauftreffnussdorf.at\/cms\/wp-json\/wp\/v2\/pages"}],"about":[{"href":"https:\/\/lauftreffnussdorf.at\/cms\/wp-json\/wp\/v2\/types\/page"}],"author":[{"embeddable":true,"href":"https:\/\/lauftreffnussdorf.at\/cms\/wp-json\/wp\/v2\/users\/1"}],"replies":[{"embeddable":true,"href":"https:\/\/lauftreffnussdorf.at\/cms\/wp-json\/wp\/v2\/comments?post=6060"}],"version-history":[{"count":10,"href":"https:\/\/lauftreffnussdorf.at\/cms\/wp-json\/wp\/v2\/pages\/6060\/revisions"}],"predecessor-version":[{"id":7163,"href":"https:\/\/lauftreffnussdorf.at\/cms\/wp-json\/wp\/v2\/pages\/6060\/revisions\/7163"}],"wp:featuredmedia":[{"embeddable":true,"href":"https:\/\/lauftreffnussdorf.at\/cms\/wp-json\/wp\/v2\/media\/6073"}],"wp:attachment":[{"href":"https:\/\/lauftreffnussdorf.at\/cms\/wp-json\/wp\/v2\/media?parent=6060"}],"curies":[{"name":"wp","href":"https:\/\/api.w.org\/{rel}","templated":true}]}}